{"id":989210,"date":"2024-05-14T19:27:58","date_gmt":"2024-05-14T19:27:58","guid":{"rendered":"https:\/\/avitalsa.com\/politica-integrada-2024\/"},"modified":"2024-05-14T19:27:58","modified_gmt":"2024-05-14T19:27:58","slug":"politica-integrada-2024","status":"publish","type":"page","link":"https:\/\/avitalsa.com\/en\/politica-integrada-2024\/","title":{"rendered":"Pol\u00edtica Integrada 2024"},"content":{"rendered":"\t\t<div data-elementor-type=\"wp-page\" data-elementor-id=\"989210\" class=\"elementor elementor-989210\" data-elementor-post-type=\"page\">\n\t\t\t\t\t\t<section class=\"elementor-section elementor-top-section elementor-element elementor-element-f5eac11 elementor-section-boxed elementor-section-height-default elementor-section-height-default\" data-id=\"f5eac11\" data-element_type=\"section\">\n\t\t\t\t\t\t<div class=\"elementor-container elementor-column-gap-default\">\n\t\t\t\t\t<div class=\"elementor-column elementor-col-100 elementor-top-column elementor-element elementor-element-d23d40f\" data-id=\"d23d40f\" data-element_type=\"column\">\n\t\t\t<div class=\"elementor-widget-wrap elementor-element-populated\">\n\t\t\t\t\t\t<div class=\"elementor-element elementor-element-46588d9 elementor-widget elementor-widget-heading\" data-id=\"46588d9\" data-element_type=\"widget\" data-widget_type=\"heading.default\">\n\t\t\t\t<div class=\"elementor-widget-container\">\n\t\t\t\t\t<h2 class=\"elementor-heading-title elementor-size-default\">Pol\u00edtica del Sistema Integrado de Gesti\u00f3n <\/h2>\t\t\t\t<\/div>\n\t\t\t\t<\/div>\n\t\t\t\t<div class=\"elementor-element elementor-element-cb9b663 elementor-widget elementor-widget-text-editor\" data-id=\"cb9b663\" data-element_type=\"widget\" data-widget_type=\"text-editor.default\">\n\t\t\t\t<div class=\"elementor-widget-container\">\n\t\t\t\t\t\t\t\t\t<p>AVITALSA es empresa l\u00edder en el procesamiento de aves de corral, que genera desarrollo econ\u00f3mico y productivo; ofrece a sus clientes productos elaborados bajo estrictos est\u00e1ndares de inocuidad alimentaria y altos contenidos nutritivos; desarrolla su trabajo garantizando calidad, seguridad industrial, salud ocupacional y, su compromiso con el ambiente, mitigando los efectos del cambio clim\u00e1tico y siendo responsable socialmente con el entorno de su actividad.<br \/>La planta de Faenamiento de Avitalsa formaliza su compromiso de:<\/p><ul><li>Garantizar el cumplimiento del marco legal vigente aplicable en aspectos de inocuidad, gesti\u00f3n ambiental, seguridad industrial y salud ocupacional<\/li><li>Prevenir, minimizar y mitigar:<br \/>&#8211; Peligros f\u00edsicos, qu\u00edmicos y microbiol\u00f3gicos para garantizar la inocuidad del producto.<br \/>&#8211; Impactos ambientales generados en los procesos y hacer uso sostenible de los recursos naturales.<br \/>&#8211; Riesgos inherentes a los procesos productivos, aplicando mejores condiciones y acciones de trabajo seguras.<\/li><li>Promover el desarrollo del personal a trav\u00e9s de capacitaci\u00f3n y motivaci\u00f3n, impartiendo conceptos de calidad e inocuidad, seguridad industrial, salud ocupacional, cuidados del ambiente y respeto al entorno social.<\/li><li>Mantener una comunicaci\u00f3n frecuente y eficaz con todas las partes involucradas en el sistema de gesti\u00f3n.<\/li><li>Asignar recursos econ\u00f3micos, humanos y tecnol\u00f3gicos para el mejoramiento continuo del Sistema Integrado de Gesti\u00f3n.<\/li><\/ul>\t\t\t\t\t\t\t\t<\/div>\n\t\t\t\t<\/div>\n\t\t\t\t<div class=\"elementor-element elementor-element-e5c2c7f elementor-widget elementor-widget-text-editor\" data-id=\"e5c2c7f\" data-element_type=\"widget\" data-widget_type=\"text-editor.default\">\n\t\t\t\t<div class=\"elementor-widget-container\">\n\t\t\t\t\t\t\t\t\t<p><strong>Dr. Manuel Enrique Acosta J\u00e1come<\/strong><br \/><strong>GERENTE GENERAL<\/strong><\/p>\t\t\t\t\t\t\t\t<\/div>\n\t\t\t\t<\/div>\n\t\t\t\t<div class=\"elementor-element elementor-element-1f8b730 elementor-widget elementor-widget-text-editor\" data-id=\"1f8b730\" data-element_type=\"widget\" data-widget_type=\"text-editor.default\">\n\t\t\t\t<div class=\"elementor-widget-container\">\n\t\t\t\t\t\t\t\t\t<p><strong>AG-PGI-04R3<\/strong><br \/><strong>V5: 06\/05\/2024<\/strong><\/p>\t\t\t\t\t\t\t\t<\/div>\n\t\t\t\t<\/div>\n\t\t\t\t<div class=\"elementor-element elementor-element-c0f36e8 elementor-align-center elementor-widget elementor-widget-button\" data-id=\"c0f36e8\" data-element_type=\"widget\" data-widget_type=\"button.default\">\n\t\t\t\t<div class=\"elementor-widget-container\">\n\t\t\t\t\t\t\t\t\t<div class=\"elementor-button-wrapper\">\n\t\t\t\t\t<a class=\"elementor-button elementor-button-link elementor-size-sm\" href=\"\/quienes-somos\">\n\t\t\t\t\t\t<span class=\"elementor-button-content-wrapper\">\n\t\t\t\t\t\t<span class=\"elementor-button-icon\">\n\t\t\t\t<i aria-hidden=\"true\" class=\"fas fa-arrow-right\"><\/i>\t\t\t<\/span>\n\t\t\t\t\t\t\t\t\t<span class=\"elementor-button-text\">Regresar<\/span>\n\t\t\t\t\t<\/span>\n\t\t\t\t\t<\/a>\n\t\t\t\t<\/div>\n\t\t\t\t\t\t\t\t<\/div>\n\t\t\t\t<\/div>\n\t\t\t\t\t<\/div>\n\t\t<\/div>\n\t\t\t\t\t<\/div>\n\t\t<\/section>\n\t\t\t\t<\/div>\n\t\t","protected":false},"excerpt":{"rendered":"<p>Pol\u00edtica del Sistema Integrado de Gesti\u00f3n AVITALSA es empresa l\u00edder en el procesamiento de aves de corral, que genera desarrollo econ\u00f3mico y productivo; ofrece a sus clientes productos elaborados bajo estrictos est\u00e1ndares de inocuidad alimentaria y altos contenidos nutritivos; desarrolla su trabajo garantizando calidad, seguridad industrial, salud ocupacional y, su compromiso con el ambiente, mitigando&#8230;<\/p>\n","protected":false},"author":1,"featured_media":0,"parent":0,"menu_order":0,"comment_status":"closed","ping_status":"closed","template":"","meta":{"footnotes":""},"class_list":["post-989210","page","type-page","status-publish","hentry"],"_links":{"self":[{"href":"https:\/\/avitalsa.com\/en\/wp-json\/wp\/v2\/pages\/989210","targetHints":{"allow":["GET"]}}],"collection":[{"href":"https:\/\/avitalsa.com\/en\/wp-json\/wp\/v2\/pages"}],"about":[{"href":"https:\/\/avitalsa.com\/en\/wp-json\/wp\/v2\/types\/page"}],"author":[{"embeddable":true,"href":"https:\/\/avitalsa.com\/en\/wp-json\/wp\/v2\/users\/1"}],"replies":[{"embeddable":true,"href":"https:\/\/avitalsa.com\/en\/wp-json\/wp\/v2\/comments?post=989210"}],"version-history":[{"count":0,"href":"https:\/\/avitalsa.com\/en\/wp-json\/wp\/v2\/pages\/989210\/revisions"}],"wp:attachment":[{"href":"https:\/\/avitalsa.com\/en\/wp-json\/wp\/v2\/media?parent=989210"}],"curies":[{"name":"wp","href":"https:\/\/api.w.org\/{rel}","templated":true}]}}